{"id":50,"date":"2012-12-07T13:04:44","date_gmt":"2012-12-07T12:04:44","guid":{"rendered":"http:\/\/csr-praxis.de\/?page_id=50"},"modified":"2013-09-08T17:59:08","modified_gmt":"2013-09-08T16:59:08","slug":"csr-und-unternehmerische-praxis","status":"publish","type":"page","link":"http:\/\/csr-praxis.de\/?page_id=50","title":{"rendered":"CSR-Praxis"},"content":{"rendered":"<h1><span style=\"font-family: Nimbus Sans L,sans-serif;\"><span style=\"font-size: small;\">Nachhaltigkeit ist das Gebot der Stunde. Alle m\u00f6chten nachhaltig wirtschaften, aber wie ist das m\u00f6glich und welche Einschr\u00e4nkungen nehmen wir hin?<\/span><\/span><\/h1>\n<p>&nbsp;<\/p>\n<h1><span style=\"font-family: Nimbus Sans L,sans-serif;\"><span style=\"font-size: small;\">F\u00fcr Unternehmen ist das Umsetzen von Nachhaltigkeit komplexer als f\u00fcr den individuellen Konsum: Konsequentes nachhaltiges Wirtschaften bedeutet, gro\u00dfe Ver\u00e4nderungen auf den Weg zu bringen. <\/span><\/span><\/h1>\n<h1><\/h1>\n<h1><span style=\"font-family: Nimbus Sans L,sans-serif;\"><span style=\"font-size: small;\">Der Schl\u00fcssel f\u00fcr das professionelle Nachhaltigkeits-Management ist CSR \u2013 Corporate Social Responsibility. Grundgedanke dieses Konzeptes ist es, die Verantwortung f\u00fcr die gesellschaftlichen Auswirkungen des wirtschaftlichen Handelns zu \u00fcbernehmen.<\/span><\/span><\/h1>\n<h1><\/h1>\n<h1><span style=\"font-family: Nimbus Sans L,sans-serif;\"><span style=\"font-size: small;\">Dabei spielen \u00f6kologische, \u00f6konomische und soziale Faktoren eine Rolle. Daher ist es wichtig, die Auswirkungen auf die drei Bereiche zu ermitteln und festzulegen, wie negative Einfl\u00fcsse verbessert werden k\u00f6nnen.<\/span><\/span><\/h1>\n<h1><\/h1>\n<h1><span style=\"font-family: Nimbus Sans L,sans-serif;\"><span style=\"font-size: small;\">Nachhaltigkeit ist f\u00fcr alle Wirtschaftsbranchen inzwischen ein zentrales Anliegen geworden. Produktionsketten-Skandale oder knallhartes Wirtschaften bedeuten einen erheblichen Imageverlust. Negative Konsequenz dieser Entwicklung ist das Sch\u00f6nreden des eigenen Nachhaltigkeits-Engagements, das sog. \u201egreenwash\u201c. <\/span><\/span><\/h1>\n<p>&nbsp;<\/p>\n<h1><span style=\"font-family: Nimbus Sans L,sans-serif;\"><span style=\"font-size: small;\">Wichtig ist also die glaubw\u00fcrdige Umsetzung von Nachhaltigkeitskriterien. Dies ist nur m\u00f6glich durch den Dialog unterschiedlicher Stakeholder-Gruppen (Interessensgruppen).<\/span><\/span><\/h1>\n","protected":false},"excerpt":{"rendered":"<p>Nachhaltigkeit ist das Gebot der Stunde. Alle m\u00f6chten nachhaltig wirtschaften, aber wie ist das m\u00f6glich und welche Einschr\u00e4nkungen nehmen wir hin? &nbsp; F\u00fcr Unternehmen ist das Umsetzen von Nachhaltigkeit komplexer als f\u00fcr den individuellen Konsum: Konsequentes nachhaltiges Wirtschaften bedeutet, gro\u00dfe &hellip; <a href=\"http:\/\/csr-praxis.de\/?page_id=50\">Weiterlesen <span class=\"meta-nav\">&rarr;<\/span><\/a><\/p>\n","protected":false},"author":1,"featured_media":0,"parent":0,"menu_order":0,"comment_status":"closed","ping_status":"closed","template":"","meta":{"footnotes":""},"class_list":["post-50","page","type-page","status-publish","hentry"],"_links":{"self":[{"href":"http:\/\/csr-praxis.de\/index.php?rest_route=\/wp\/v2\/pages\/50","targetHints":{"allow":["GET"]}}],"collection":[{"href":"http:\/\/csr-praxis.de\/index.php?rest_route=\/wp\/v2\/pages"}],"about":[{"href":"http:\/\/csr-praxis.de\/index.php?rest_route=\/wp\/v2\/types\/page"}],"author":[{"embeddable":true,"href":"http:\/\/csr-praxis.de\/index.php?rest_route=\/wp\/v2\/users\/1"}],"replies":[{"embeddable":true,"href":"http:\/\/csr-praxis.de\/index.php?rest_route=%2Fwp%2Fv2%2Fcomments&post=50"}],"version-history":[{"count":9,"href":"http:\/\/csr-praxis.de\/index.php?rest_route=\/wp\/v2\/pages\/50\/revisions"}],"predecessor-version":[{"id":59,"href":"http:\/\/csr-praxis.de\/index.php?rest_route=\/wp\/v2\/pages\/50\/revisions\/59"}],"wp:attachment":[{"href":"http:\/\/csr-praxis.de\/index.php?rest_route=%2Fwp%2Fv2%2Fmedia&parent=50"}],"curies":[{"name":"wp","href":"https:\/\/api.w.org\/{rel}","templated":true}]}}