{"id":45,"date":"2012-12-07T12:58:47","date_gmt":"2012-12-07T11:58:47","guid":{"rendered":"http:\/\/csr-praxis.de\/?page_id=45"},"modified":"2018-05-22T16:47:25","modified_gmt":"2018-05-22T15:47:25","slug":"45-2","status":"publish","type":"page","link":"http:\/\/csr-praxis.de\/","title":{"rendered":"Parteien und Nachhaltigkeit: Was verspricht uns die Gro\u00dfe Koalition &#8211; und was setzt sie um?"},"content":{"rendered":"<p>von Dr. Sabine te Heesen<\/p>\n<style type=\"text\/css\"><!-- @page { margin: 2cm } P { margin-bottom: 0.21cm } A:link { so-language: zxx } --><\/style>\n<h4><span style=\"font-family: Ubuntu Condensed;\">Die Entwicklung nachhaltiger Wirtschaftsformen wird massiv von der Weichenstellung durch die Politik beeinflusst, beispielsweise durch wirtschaftliche Anreize. Ein prominentes Beispiel ist das Erneuerbare-Energien-Gesetz, das den Ausbau der Erneuerbaren Energien f\u00f6rdern soll.<\/span><\/h4>\n<p><span style=\"font-family: Ubuntu Condensed;\">In Ihrem Koalitionsvertrag hat die Gro\u00dfe Koalition aus CDU und SPD eine Reform dieses Gesetzes angek\u00fcndigt:<\/span><\/p>\n<p>\u201e<span style=\"font-family: Ubuntu Condensed;\">Reform des EEG<\/span><\/p>\n<p><span style=\"font-family: Ubuntu Condensed;\">Die Koalition strebt eine schnelle und grundlegende Reform des Erneuerbare-Energien-Gesetzes (EEG) an und legt sie bis Ostern 2014 vor mit dem Ziel einer Verabschiedung im Sommer 2014, um verl\u00e4ssliche Rahmenbedingungen in der Energiepolitik zu schaffen. Altanlagen genie\u00dfen Bestandsschutz. Der Vertrauensschutz im Hinblick auf get\u00e4tigte und in der Realisierung befindliche Investitionen ist entsprechend zu gew\u00e4hren. \u201c (<a title=\"Koalitionsvertrag CDU\/SPD 2013\/2014\" href=\"http:\/\/www.cdu.de\/koalitionsvertrag\" target=\"_blank\" rel=\"noopener\">Quelle: Koalitionsvertrag CDU\/SPD 2014<\/a>)<br \/>\n<\/span><\/p>\n<p><span style=\"font-family: Ubuntu Condensed;\">Der neue Bundesminister f\u00fcr Wirtschaft und Energie Sigmar Gabriel hat bereits erste \u00c4nderungen des Gesetzes bekannt gegeben. Er m\u00f6chte Einschnitte bei der Windkraft an Land vornehmen. Bundeskanzlerin Angela Merkel steht in diesem Punkt hinter ihm.<\/span><\/p>\n<p><span style=\"font-family: Ubuntu Condensed;\">Dies wird sich auf die wirtschaftliche Entwicklung einzelner Bundesl\u00e4nder auswirken: Windkraft an Land ist die konkurrenzf\u00e4higste Form der Erneuerbaren Energien, allerdings wird der Ausbau der Windkraft gebremst durch mangelnde Kapazit\u00e4ten der \u00dcbertragungsnetze und Zeitverz\u00f6gerung beim Neubau von Stromtrassen. Der gr\u00f6\u00dfte Teil der Windenergieanlagen steht an windreichen Standorten der K\u00fcstenl\u00e4nder. Diese L\u00e4nder profitieren stark durch Gewerbesteuereinnahmen und die Schaffung von Arbeitspl\u00e4tzen, daher sind sie gegen diese von Sigmar Gabriel angek\u00fcndigten Einschnitte.<\/span><\/p>\n<p>&nbsp;<\/p>\n<p><strong>Parteien und Nachhaltigkeit Teil 1:<br \/>\n<\/strong><\/p>\n<p><strong>Die Bedeutung von Nachhaltigkeit in den Wahlprogrammen<\/strong><\/p>\n<p>Bei den Koalitionsverhandlungen werden die Parteien genauer ausloten, wer mit wem regieren kann. Es ist nicht nur die Frage, wer zu wem passt, sondern auch welche Themen wie gewichtet werden.<br \/>\nWelchen Raum nimmt die Nachhaltigkeit ein? Was erwarten die Parteien von Akteuren der Wirtschaft?<br \/>\nDie Politik bestimmt die Rahmenbedingungen f\u00fcr die Wirtschaft &#8211; also auch f\u00fcr die Wahrnehmung gesellschaftlicher Verantwortung von Unternehmen.<br \/>\nWas schreiben die Parteien in ihren Wahlprogrammen \u00fcber diese Verantwortung?<br \/>\nWie wollen sie die Rahmenbedingungen f\u00fcr nachhaltiges Wirtschaften gestalten?<br \/>\nDie Antworten sind sehr unterschiedlich &#8211; eine Aufstellung finden Sie <a title=\"Wahlprogramme der Parteien zu CSR\" href=\"http:\/\/csr-praxis.de\/wp-content\/uploads\/2013\/09\/Parteien_-und_CSR_Ausz\u00fcge_aus_Wahlprogrammen_2013.pdf\" target=\"_blank\" rel=\"noopener\">hier<\/a>.<\/p>\n<p>&nbsp;<\/p>\n<p>&nbsp;<\/p>\n","protected":false},"excerpt":{"rendered":"<p>von Dr. Sabine te Heesen Die Entwicklung nachhaltiger Wirtschaftsformen wird massiv von der Weichenstellung durch die Politik beeinflusst, beispielsweise durch wirtschaftliche Anreize. Ein prominentes Beispiel ist das Erneuerbare-Energien-Gesetz, das den Ausbau der Erneuerbaren Energien f\u00f6rdern soll. In Ihrem Koalitionsvertrag hat &hellip; <a href=\"http:\/\/csr-praxis.de\/\">Weiterlesen <span class=\"meta-nav\">&rarr;<\/span><\/a><\/p>\n","protected":false},"author":1,"featured_media":0,"parent":0,"menu_order":0,"comment_status":"closed","ping_status":"closed","template":"","meta":{"footnotes":""},"class_list":["post-45","page","type-page","status-publish","hentry"],"_links":{"self":[{"href":"http:\/\/csr-praxis.de\/index.php?rest_route=\/wp\/v2\/pages\/45","targetHints":{"allow":["GET"]}}],"collection":[{"href":"http:\/\/csr-praxis.de\/index.php?rest_route=\/wp\/v2\/pages"}],"about":[{"href":"http:\/\/csr-praxis.de\/index.php?rest_route=\/wp\/v2\/types\/page"}],"author":[{"embeddable":true,"href":"http:\/\/csr-praxis.de\/index.php?rest_route=\/wp\/v2\/users\/1"}],"replies":[{"embeddable":true,"href":"http:\/\/csr-praxis.de\/index.php?rest_route=%2Fwp%2Fv2%2Fcomments&post=45"}],"version-history":[{"count":28,"href":"http:\/\/csr-praxis.de\/index.php?rest_route=\/wp\/v2\/pages\/45\/revisions"}],"predecessor-version":[{"id":238,"href":"http:\/\/csr-praxis.de\/index.php?rest_route=\/wp\/v2\/pages\/45\/revisions\/238"}],"wp:attachment":[{"href":"http:\/\/csr-praxis.de\/index.php?rest_route=%2Fwp%2Fv2%2Fmedia&parent=45"}],"curies":[{"name":"wp","href":"https:\/\/api.w.org\/{rel}","templated":true}]}}